{"id":6038,"date":"2024-08-13T11:44:21","date_gmt":"2024-08-13T09:44:21","guid":{"rendered":"https:\/\/travessamallorca.com\/contacto\/"},"modified":"2025-10-10T14:58:40","modified_gmt":"2025-10-10T12:58:40","slug":"contacto","status":"publish","type":"page","link":"https:\/\/travessamallorca.com\/en\/contacto\/","title":{"rendered":"Contact"},"content":{"rendered":"<div class=\"wpb-content-wrapper\"><p>[vc_row full_width=&#8221;stretch_row&#8221; css=&#8221;.vc_custom_1759421890175{padding-top: 30px !important;padding-bottom: 30px !important;background-color: #72CB99 !important;}&#8221;][vc_column]<div id=\"ultimate-heading-95886a0738d87cb01\" class=\"uvc-heading ult-adjust-bottom-margin ultimate-heading-95886a0738d87cb01 uvc-787 set-korataki\" data-hspacer=\"no_spacer\"  data-halign=\"center\" style=\"text-align:center\"><div class=\"uvc-heading-spacer no_spacer\" style=\"top\"><\/div><div class=\"uvc-sub-heading ult-responsive\"  data-ultimate-target='.uvc-heading.ultimate-heading-95886a0738d87cb01 .uvc-sub-heading '  data-responsive-json-new='{\"font-size\":\"desktop:40px;mobile_landscape:22px;mobile:22px;\",\"line-height\":\"desktop:48px;mobile_landscape:29px;mobile:29px;\"}'  style=\"font-family:&#039;Barlow Condensed&#039;;font-style:italic;font-weight:bold;color:#ffffff;\">CONTACT <span class=\"with-background-3\">US<\/span><\/div><\/div>[\/vc_column][\/vc_row][vc_row full_width=&#8221;stretch_row&#8221; disable_element=&#8221;yes&#8221; css=&#8221;.vc_custom_1760092628295{padding-top: 20px !important;padding-bottom: 40px !important;background-color: #72CB99 !important;}&#8221;][vc_column width=&#8221;8\/12&#8243;]\n<div class=\"wpcf7 no-js\" id=\"wpcf7-f5670-o1\" lang=\"es-ES\" dir=\"ltr\" data-wpcf7-id=\"5670\">\n<div class=\"screen-reader-response\"><p role=\"status\" aria-live=\"polite\" aria-atomic=\"true\"><\/p> <ul><\/ul><\/div>\n<form action=\"\/en\/wp-json\/wp\/v2\/pages\/6038#wpcf7-f5670-o1\" method=\"post\" class=\"wpcf7-form init\" aria-label=\"Formulario de contacto\" novalidate=\"novalidate\" data-status=\"init\">\n<fieldset class=\"hidden-fields-container\"><input type=\"hidden\" name=\"_wpcf7\" value=\"5670\" \/><input type=\"hidden\" name=\"_wpcf7_version\" value=\"6.1.1\" \/><input type=\"hidden\" name=\"_wpcf7_locale\" value=\"es_ES\" \/><input type=\"hidden\" name=\"_wpcf7_unit_tag\" value=\"wpcf7-f5670-o1\" \/><input type=\"hidden\" name=\"_wpcf7_container_post\" value=\"0\" \/><input type=\"hidden\" name=\"_wpcf7_posted_data_hash\" value=\"\" \/>\n<\/fieldset>\n<div>\n\t<p><label><span class=\"wpcf7-form-control-wrap\" data-name=\"your-name\"><input size=\"40\" maxlength=\"400\" class=\"wpcf7-form-control wpcf7-text wpcf7-validates-as-required\" autocomplete=\"name\" aria-required=\"true\" aria-invalid=\"false\" placeholder=\"Nombre\" value=\"\" type=\"text\" name=\"your-name\" \/><\/span><\/label><br \/>\n<label><span class=\"wpcf7-form-control-wrap\" data-name=\"your-email\"><input size=\"40\" maxlength=\"400\" class=\"wpcf7-form-control wpcf7-email wpcf7-validates-as-required wpcf7-text wpcf7-validates-as-email\" autocomplete=\"email\" aria-required=\"true\" aria-invalid=\"false\" placeholder=\"Email\" value=\"\" type=\"email\" name=\"your-email\" \/><\/span> <\/label><br \/>\n<label><span class=\"wpcf7-form-control-wrap\" data-name=\"your-phone\"><input size=\"40\" maxlength=\"400\" class=\"wpcf7-form-control wpcf7-tel wpcf7-validates-as-required wpcf7-text wpcf7-validates-as-tel\" aria-required=\"true\" aria-invalid=\"false\" placeholder=\"Tel\u00e9fono\" value=\"\" type=\"tel\" name=\"your-phone\" \/><\/span> <\/label><br \/>\n<label><span class=\"wpcf7-form-control-wrap\" data-name=\"your-message\"><textarea cols=\"10\" rows=\"4\" maxlength=\"2000\" class=\"wpcf7-form-control wpcf7-textarea\" aria-invalid=\"false\" placeholder=\"Mensaje\" name=\"your-message\"><\/textarea><\/span> <\/label>\n\t<\/p>\n\t<div class=\"clausula-legal\">\n\t\t<h2 style=\"color: #27584F;\">CLAUSULA LEGAL CONSENTIMIENTO\n\t\t<\/h2>\n\t\t<p><b>\u00bfQui\u00e9n es el responsable del tratamiento de sus datos?<\/b><br \/>\nIdentidad: ELITECHIP S.L. CIF: B57506149 Dir. postal: Vel\u00e1zquez, 8\u00aa 07760 Ciutadella de Menorca Tel\u00e9fono: 676035552 Correo elect: administracion@elitechip.net\n\t\t<\/p>\n\t\t<p><b>\u00bfCon qu\u00e9 finalidad tratamos sus datos personales?<\/b> En ELITECHIP S.L tratamos la informaci\u00f3n que nos facilitan las personas interesadas con el fin de atender su solicitud y\/o comunicarle eventos y otros actos de su inter\u00e9s en caso de otorgarnos su consentimiento.\n\t\t<\/p>\n\t\t<p><b>\u00bfPor cu\u00e1nto tiempo conservaremos sus datos?<\/b> Los datos personales proporcionados se conservar\u00e1n hasta que se atienda su solicitud o retire el consentimiento para el caso de comunicaciones comerciales.\n\t\t<\/p>\n\t\t<p><b>\u00bfCu\u00e1l es la legitimaci\u00f3n para el tratamiento de sus datos?<\/b> La base legal para el tratamiento de sus datos es el consentimiento del interesado. En caso de facilitar datos de un menor, el\/la padre\/madre\/tutor\/a es responsable de estar legitimado para facilitar los mismos. Nos reservamos el derecho de exigir justificaci\u00f3n de la representaci\u00f3n.\n\t\t<\/p>\n\t\t<p><b>\u00bfA qu\u00e9 destinatarios se comunicar\u00e1n sus datos?<\/b> Sus datos personales no ser\u00e1n cedidos a terceros sin su consentimiento para otros fines.\n\t\t<\/p>\n\t\t<p><b>\u00bfCu\u00e1les son sus derechos cuando nos facilita sus datos?<\/b> Cualquier persona tiene derecho a obtener confirmaci\u00f3n sobre si en ELITECHIP S.L estamos tratando datos personales que les conciernan, o no. Las personas interesadas tienen derecho a si acceder a sus datos personales, as\u00ed como a solicitar la rectificaci\u00f3n de los datos inexactos o, en su caso, solicitar su supresi\u00f3n cuando, entre otros motivos, los datos ya no sean necesarios para los fines que fueron recogidos. En determinadas circunstancias, los interesados podr\u00e1n solicitar la limitaci\u00f3n del tratamiento de sus datos, en cuyo caso \u00fanicamente los conservaremos para el ejercicio o la defensa de reclamaciones. En determinadas circunstancias y por motivos relacionados con su situaci\u00f3n particular, los interesados podr\u00e1n oponerse al tratamiento de sus datos. En ese caso dejaremos de tratar los datos, salvo por motivos leg\u00edtimos imperiosos, o el ejercicio o la defensa de posibles reclamaciones.\n\t\t<\/p>\n\t\t<p><b>\u00bfC\u00f3mo hemos obtenido sus datos?<\/b> Los datos personales que tratamos proceden del interesado. Las categor\u00edas de datos que se tratan son: Datos de identificaci\u00f3n. C\u00f3digos o claves de acceso. Direcciones postales o electr\u00f3nicas.\n\t\t<\/p>\n\t<\/div>\n\t<p><span class=\"wpcf7-form-control-wrap\" data-name=\"acceptance-928\"><span class=\"wpcf7-form-control wpcf7-acceptance\"><span class=\"wpcf7-list-item\"><label><input type=\"checkbox\" name=\"acceptance-928\" value=\"1\" aria-invalid=\"false\" \/><span class=\"wpcf7-list-item-label\">*Acepto la <a href=\"\/politica-privacidad\/\" class=\"policy\" >Pol\u00edtica de Privacidad<\/a> y Tratamiento de datos<\/span><\/label><\/span><\/span><\/span><br \/>\n<input class=\"wpcf7-form-control wpcf7-submit has-spinner\" type=\"submit\" value=\"Enviar\" \/>\n\t<\/p>\n<\/div><div class=\"wpcf7-response-output\" aria-hidden=\"true\"><\/div>\n<\/form>\n<\/div>\n[\/vc_column][vc_column width=&#8221;1\/12&#8243; offset=&#8221;vc_hidden-xs&#8221;][\/vc_column][vc_column width=&#8221;3\/12&#8243;]<div id=\"ultimate-heading-82996a0738d894ac5\" class=\"uvc-heading ult-adjust-bottom-margin ultimate-heading-82996a0738d894ac5 uvc-8602 \" data-hspacer=\"line_only\"  data-halign=\"left\" style=\"text-align:left\"><div class=\"uvc-main-heading ult-responsive\"  data-ultimate-target='.uvc-heading.ultimate-heading-82996a0738d894ac5 h2'  data-responsive-json-new='{\"font-size\":\"desktop:40px;tablet:30px;tablet_portrait:30px;mobile_landscape:30px;mobile:30px;\",\"line-height\":\"desktop:44px;tablet:33px;tablet_portrait:33px;mobile_landscape:33px;mobile:33px;\"}' ><h2 style=\"font-family:&#039;Barlow Condensed&#039;;font-style:italic;font-weight:bold;color:#ffffff;margin-bottom:20px;\">COORDINACI\u00d3N Y INFORMACI\u00d3N<\/h2><\/div><div class=\"uvc-sub-heading ult-responsive\"  data-ultimate-target='.uvc-heading.ultimate-heading-82996a0738d894ac5 .uvc-sub-heading '  data-responsive-json-new='{\"font-size\":\"desktop:18px;mobile_landscape:12px;mobile:12px;\",\"line-height\":\"desktop:20px;mobile_landscape:15px;mobile:15px;\"}'  style=\"font-family:&#039;Inter&#039;;font-weight:normal;color:#ffffff;margin-bottom:25px;\"><a href=\"mailto:contacto@elitechip.net\">contacto@elitechip.net<\/a><\/div><div class=\"uvc-heading-spacer line_only\" style=\"margin-bottom:30px;height:1px;\"><span class=\"uvc-headings-line\" style=\"border-style:solid;border-bottom-width:1px;border-color:#ffffff;width:300px;\"><\/span><\/div><\/div><div id=\"ultimate-heading-93516a0738d894bfa\" class=\"uvc-heading ult-adjust-bottom-margin ultimate-heading-93516a0738d894bfa uvc-485 \" data-hspacer=\"line_only\"  data-halign=\"left\" style=\"text-align:left\"><div class=\"uvc-main-heading ult-responsive\"  data-ultimate-target='.uvc-heading.ultimate-heading-93516a0738d894bfa h2'  data-responsive-json-new='{\"font-size\":\"desktop:40px;tablet:30px;tablet_portrait:30px;mobile_landscape:30px;mobile:30px;\",\"line-height\":\"desktop:44px;mobile_landscape:33px;mobile:33px;\"}' ><h2 style=\"font-family:&#039;Barlow Condensed&#039;;font-style:italic;font-weight:bold;color:#ffffff;margin-bottom:20px;\">VOLUNTARIOS<\/h2><\/div><div class=\"uvc-sub-heading ult-responsive\"  data-ultimate-target='.uvc-heading.ultimate-heading-93516a0738d894bfa .uvc-sub-heading '  data-responsive-json-new='{\"font-size\":\"desktop:18px;mobile_landscape:12px;mobile:12px;\",\"line-height\":\"desktop:20px;mobile_landscape:15px;mobile:15px;\"}'  style=\"font-family:&#039;Inter&#039;;font-weight:normal;color:#ffffff;margin-bottom:25px;\"><a href=\"mailto:contacto@elitechip.net\">contacto@elitechip.net<\/a><\/div><div class=\"uvc-heading-spacer line_only\" style=\"margin-bottom:30px;height:1px;\"><span class=\"uvc-headings-line\" style=\"border-style:solid;border-bottom-width:1px;border-color:#ffffff;width:300px;\"><\/span><\/div><\/div><div id=\"ultimate-heading-71626a0738d894cf5\" class=\"uvc-heading ult-adjust-bottom-margin ultimate-heading-71626a0738d894cf5 uvc-3775 \" data-hspacer=\"line_only\"  data-halign=\"left\" style=\"text-align:left\"><div class=\"uvc-main-heading ult-responsive\"  data-ultimate-target='.uvc-heading.ultimate-heading-71626a0738d894cf5 h2'  data-responsive-json-new='{\"font-size\":\"desktop:40px;tablet:30px;tablet_portrait:30px;mobile_landscape:30px;mobile:30px;\",\"line-height\":\"desktop:44px;tablet:33px;tablet_portrait:33px;mobile_landscape:33px;mobile:33px;\"}' ><h2 style=\"font-family:&#039;Barlow Condensed&#039;;font-style:italic;font-weight:bold;color:#ffffff;margin-bottom:20px;\">TEL\u00c9FONO<\/h2><\/div><div class=\"uvc-sub-heading ult-responsive\"  data-ultimate-target='.uvc-heading.ultimate-heading-71626a0738d894cf5 .uvc-sub-heading '  data-responsive-json-new='{\"font-size\":\"desktop:18px;mobile_landscape:12px;mobile:12px;\",\"line-height\":\"desktop:20px;mobile_landscape:15px;mobile:15px;\"}'  style=\"font-family:&#039;Inter&#039;;font-weight:normal;color:#ffffff;margin-bottom:25px;\"><a href=\"tel:+34 676 035 552\">+34 676 035 552<\/a><\/div><div class=\"uvc-heading-spacer line_only\" style=\"margin-bottom:30px;height:1px;\"><span class=\"uvc-headings-line\" style=\"border-style:solid;border-bottom-width:1px;border-color:#ffffff;width:300px;\"><\/span><\/div><\/div>[\/vc_column][\/vc_row][vc_row full_width=&#8221;stretch_row&#8221; css=&#8221;.vc_custom_1759217326736{padding-top: 20px !important;padding-bottom: 40px !important;background-color: #72CB99 !important;}&#8221;][vc_column width=&#8221;1\/3&#8243; offset=&#8221;vc_hidden-xs&#8221;][\/vc_column][vc_column width=&#8221;1\/3&#8243;]<div id=\"ultimate-heading-4136a0738d894dd4\" class=\"uvc-heading ult-adjust-bottom-margin ultimate-heading-4136a0738d894dd4 uvc-6998 \" data-hspacer=\"line_only\"  data-halign=\"left\" style=\"text-align:left\"><div class=\"uvc-main-heading ult-responsive\"  data-ultimate-target='.uvc-heading.ultimate-heading-4136a0738d894dd4 h2'  data-responsive-json-new='{\"font-size\":\"desktop:40px;tablet:30px;tablet_portrait:30px;mobile_landscape:30px;mobile:30px;\",\"line-height\":\"desktop:44px;tablet:33px;tablet_portrait:33px;mobile_landscape:33px;mobile:33px;\"}' ><h2 style=\"font-family:&#039;Barlow Condensed&#039;;font-style:italic;font-weight:bold;color:#ffffff;margin-bottom:20px;\">COORDINATION AND INFORMATION<\/h2><\/div><div class=\"uvc-sub-heading ult-responsive\"  data-ultimate-target='.uvc-heading.ultimate-heading-4136a0738d894dd4 .uvc-sub-heading '  data-responsive-json-new='{\"font-size\":\"desktop:18px;mobile_landscape:12px;mobile:12px;\",\"line-height\":\"desktop:20px;mobile_landscape:15px;mobile:15px;\"}'  style=\"font-family:&#039;Inter&#039;;font-weight:normal;color:#ffffff;margin-bottom:25px;\"><a href=\"mailto:contacto@elitechip.net\">contacto@elitechip.net<\/a><\/div><div class=\"uvc-heading-spacer line_only\" style=\"margin-bottom:30px;height:1px;\"><span class=\"uvc-headings-line\" style=\"border-style:solid;border-bottom-width:1px;border-color:#ffffff;width:300px;\"><\/span><\/div><\/div><div id=\"ultimate-heading-10576a0738d894ea3\" class=\"uvc-heading ult-adjust-bottom-margin ultimate-heading-10576a0738d894ea3 uvc-2077 \" data-hspacer=\"line_only\"  data-halign=\"left\" style=\"text-align:left\"><div class=\"uvc-main-heading ult-responsive\"  data-ultimate-target='.uvc-heading.ultimate-heading-10576a0738d894ea3 h2'  data-responsive-json-new='{\"font-size\":\"desktop:40px;tablet:30px;tablet_portrait:30px;mobile_landscape:30px;mobile:30px;\",\"line-height\":\"desktop:44px;mobile_landscape:33px;mobile:33px;\"}' ><h2 style=\"font-family:&#039;Barlow Condensed&#039;;font-style:italic;font-weight:bold;color:#ffffff;margin-bottom:20px;\">VOLUNTEERS<\/h2><\/div><div class=\"uvc-sub-heading ult-responsive\"  data-ultimate-target='.uvc-heading.ultimate-heading-10576a0738d894ea3 .uvc-sub-heading '  data-responsive-json-new='{\"font-size\":\"desktop:18px;mobile_landscape:12px;mobile:12px;\",\"line-height\":\"desktop:20px;mobile_landscape:15px;mobile:15px;\"}'  style=\"font-family:&#039;Inter&#039;;font-weight:normal;color:#ffffff;margin-bottom:25px;\"><a href=\"mailto:contacto@elitechip.net\">contacto@elitechip.net<\/a><\/div><div class=\"uvc-heading-spacer line_only\" style=\"margin-bottom:30px;height:1px;\"><span class=\"uvc-headings-line\" style=\"border-style:solid;border-bottom-width:1px;border-color:#ffffff;width:300px;\"><\/span><\/div><\/div><div id=\"ultimate-heading-46706a0738d894f2d\" class=\"uvc-heading ult-adjust-bottom-margin ultimate-heading-46706a0738d894f2d uvc-1674 \" data-hspacer=\"line_only\"  data-halign=\"left\" style=\"text-align:left\"><div class=\"uvc-main-heading ult-responsive\"  data-ultimate-target='.uvc-heading.ultimate-heading-46706a0738d894f2d h2'  data-responsive-json-new='{\"font-size\":\"desktop:40px;tablet:30px;tablet_portrait:30px;mobile_landscape:30px;mobile:30px;\",\"line-height\":\"desktop:44px;tablet:33px;tablet_portrait:33px;mobile_landscape:33px;mobile:33px;\"}' ><h2 style=\"font-family:&#039;Barlow Condensed&#039;;font-style:italic;font-weight:bold;color:#ffffff;margin-bottom:20px;\">PHONE<\/h2><\/div><div class=\"uvc-sub-heading ult-responsive\"  data-ultimate-target='.uvc-heading.ultimate-heading-46706a0738d894f2d .uvc-sub-heading '  data-responsive-json-new='{\"font-size\":\"desktop:18px;mobile_landscape:12px;mobile:12px;\",\"line-height\":\"desktop:20px;mobile_landscape:15px;mobile:15px;\"}'  style=\"font-family:&#039;Inter&#039;;font-weight:normal;color:#ffffff;margin-bottom:25px;\"><a href=\"tel:+34 676 035 552\">+34 676 035 552<\/a><\/div><div class=\"uvc-heading-spacer line_only\" style=\"margin-bottom:30px;height:1px;\"><span class=\"uvc-headings-line\" style=\"border-style:solid;border-bottom-width:1px;border-color:#ffffff;width:300px;\"><\/span><\/div><\/div>[\/vc_column][vc_column width=&#8221;1\/3&#8243;][\/vc_column][\/vc_row]<\/p>\n<\/div>","protected":false},"excerpt":{"rendered":"<p>[vc_row full_width=&#8221;stretch_row&#8221; css=&#8221;.vc_custom_1759421890175{padding-top: 30px !important;padding-bottom: 30px !important;background-color: #72CB99 !important;}&#8221;][vc_column][\/vc_column][\/vc_row][vc_row full_width=&#8221;stretch_row&#8221; disable_element=&#8221;yes&#8221; css=&#8221;.vc_custom_1760092628295{padding-top: 20px !important;padding-bottom: 40px !important;background-color: #72CB99 !important;}&#8221;][vc_column width=&#8221;8\/12&#8243;][\/vc_column][vc_column width=&#8221;1\/12&#8243; offset=&#8221;vc_hidden-xs&#8221;][\/vc_column][vc_column width=&#8221;3\/12&#8243;][\/vc_column][\/vc_row][vc_row full_width=&#8221;stretch_row&#8221; css=&#8221;.vc_custom_1759217326736{padding-top: 20px !important;padding-bottom: 40px !important;background-color: #72CB99 !important;}&#8221;][vc_column width=&#8221;1\/3&#8243; offset=&#8221;vc_hidden-xs&#8221;][\/vc_column][vc_column width=&#8221;1\/3&#8243;][\/vc_column][vc_column width=&#8221;1\/3&#8243;][\/vc_column][\/vc_row]<\/p>\n","protected":false},"author":1,"featured_media":0,"parent":0,"menu_order":0,"comment_status":"closed","ping_status":"closed","template":"","meta":{"footnotes":""},"class_list":["post-6038","page","type-page","status-publish","hentry","description-off"],"_links":{"self":[{"href":"https:\/\/travessamallorca.com\/en\/wp-json\/wp\/v2\/pages\/6038","targetHints":{"allow":["GET"]}}],"collection":[{"href":"https:\/\/travessamallorca.com\/en\/wp-json\/wp\/v2\/pages"}],"about":[{"href":"https:\/\/travessamallorca.com\/en\/wp-json\/wp\/v2\/types\/page"}],"author":[{"embeddable":true,"href":"https:\/\/travessamallorca.com\/en\/wp-json\/wp\/v2\/users\/1"}],"replies":[{"embeddable":true,"href":"https:\/\/travessamallorca.com\/en\/wp-json\/wp\/v2\/comments?post=6038"}],"version-history":[{"count":3,"href":"https:\/\/travessamallorca.com\/en\/wp-json\/wp\/v2\/pages\/6038\/revisions"}],"predecessor-version":[{"id":6048,"href":"https:\/\/travessamallorca.com\/en\/wp-json\/wp\/v2\/pages\/6038\/revisions\/6048"}],"wp:attachment":[{"href":"https:\/\/travessamallorca.com\/en\/wp-json\/wp\/v2\/media?parent=6038"}],"curies":[{"name":"wp","href":"https:\/\/api.w.org\/{rel}","templated":true}]}}