{"id":6200,"date":"2024-08-02T12:34:33","date_gmt":"2024-08-02T10:34:33","guid":{"rendered":"https:\/\/travessamallorca.com\/faqs\/"},"modified":"2025-10-13T10:39:37","modified_gmt":"2025-10-13T08:39:37","slug":"faqs","status":"publish","type":"page","link":"https:\/\/travessamallorca.com\/ca\/faqs\/","title":{"rendered":"FAQs"},"content":{"rendered":"<div class=\"wpb-content-wrapper\"><p>[vc_row][vc_column]<div id=\"ultimate-heading-43726a0729d73a4fc\" class=\"uvc-heading ult-adjust-bottom-margin ultimate-heading-43726a0729d73a4fc uvc-2312 set-korataki\" data-hspacer=\"no_spacer\"  data-halign=\"center\" style=\"text-align:center\"><div class=\"uvc-heading-spacer no_spacer\" style=\"top\"><\/div><div class=\"uvc-main-heading ult-responsive\"  data-ultimate-target='.uvc-heading.ultimate-heading-43726a0729d73a4fc h1'  data-responsive-json-new='{\"font-size\":\"desktop:40px;mobile_landscape:26px;mobile:26px;\",\"line-height\":\"desktop:50px;mobile_landscape:33px;mobile:33px;\"}' ><h1 style=\"font-style:italic;font-weight:bold;color:#27584F;margin-top:50px;margin-bottom:50px;\">PREGUNTES FREQ\u00dcENTS<\/h1><\/div><\/div>[\/vc_column][\/vc_row][vc_row el_class=&#8221;max-width-1250&#8243;][vc_column][vc_tta_accordion title_tag=&#8221;p&#8221; section_title_tag=&#8221;h2&#8243; shape=&#8221;square&#8221; color=&#8221;white&#8221; c_position=&#8221;right&#8221; active_section=&#8221;100&#8243; collapsible_all=&#8221;true&#8221; el_class=&#8221;faqs-primary&#8221;][vc_tta_section title=&#8221;Com es cronometra la cursa en la modalitat RELAY (per equips)?&#8221; tab_id=&#8221;1723033615966-8e010c43-feca&#8221;][vc_column_text css=&#8221;&#8221;]<\/p>\n<p data-start=\"110\" data-end=\"365\">Cada participant rebr\u00e0 un <strong data-start=\"205\" data-end=\"219\">chip blanc<\/strong> (o <em data-start=\"223\" data-end=\"232\">bib tag<\/em> al dorsal).<br data-start=\"244\" data-end=\"247\" \/>Cada equip rebr\u00e0 una <strong data-start=\"268\" data-end=\"328\">cinta de velcro amb un sistema de cronometratge integrat<\/strong> que es passar\u00e0 durant cada relleu.<\/p>\n<p data-start=\"367\" data-end=\"689\"><strong data-start=\"367\" data-end=\"379\">EXEMPLE:<\/strong> El corredor B arriba a l\u2019avituallament de Cala Morell, passa per l\u2019alfombra de cronometratge amb el seu chip i la cinta de velcro (particular i d\u2019equip). Dona la cinta de velcro d\u2019equip al corredor C i aquest torna a passar per l\u2019alfombra de cronometratge amb el seu chip i el velcro (particular i d\u2019equip).<\/p>\n<p>[\/vc_column_text][\/vc_tta_section][vc_tta_section title=&#8221;Puc canviar la dist\u00e0ncia de la meva inscripci\u00f3? T\u00e9 algun cost?&#8221; tab_id=&#8221;1723033615978-08d7731f-4d7c&#8221;][vc_column_text css=&#8221;&#8221;]<\/p>\n<p data-start=\"696\" data-end=\"888\">Es permetran canvis de dist\u00e0ncia a totes les proves fins al dia <strong data-start=\"829\" data-end=\"850\">1 d\u2019abril de 2026<\/strong>, amb un cost de gesti\u00f3 de <strong data-start=\"877\" data-end=\"885\">10 \u20ac<\/strong>.<\/p>\n<ul data-start=\"889\" data-end=\"1289\">\n<li data-start=\"889\" data-end=\"1069\">\n<p data-start=\"891\" data-end=\"1069\">En el cas que el participant desitgi participar en una dist\u00e0ncia superior, a m\u00e9s del cost de gesti\u00f3 del canvi de dist\u00e0ncia haur\u00e0 d\u2019abonar la difer\u00e8ncia de preu de la dist\u00e0ncia.<\/p>\n<\/li>\n<li data-start=\"1070\" data-end=\"1289\">\n<p data-start=\"1072\" data-end=\"1289\">En el cas que el participant desitgi participar en una dist\u00e0ncia inferior, haur\u00e0 d\u2019abonar el cost de gesti\u00f3, i nom\u00e9s es retornar\u00e0 la difer\u00e8ncia dels imports en sol\u00b7licituds fetes abans del dia <strong data-start=\"1265\" data-end=\"1286\">1 d\u2019abril de 2026<\/strong>.<\/p>\n<\/li>\n<\/ul>\n<p>[\/vc_column_text][\/vc_tta_section][vc_tta_section title=&#8221;Si em lesiono o no puc assistir, puc cancel\u00b7lar la meva inscripci\u00f3?&#8221; tab_id=&#8221;1723033648242-c3f1f3e8-99e4&#8243;][vc_column_text css=&#8221;&#8221;]<\/p>\n<p data-start=\"1296\" data-end=\"1662\">Nom\u00e9s s\u2019admetran cancel\u00b7lacions per als participants inscrits que ho comuniquin abans de l\u2019<strong data-start=\"1461\" data-end=\"1482\">1 d\u2019abril de 2026<\/strong> al correu <strong data-start=\"1493\" data-end=\"1515\"><a class=\"decorated-link cursor-pointer\" rel=\"noopener\" data-start=\"1495\" data-end=\"1513\">info@elitechip.net<\/a><\/strong>. La devoluci\u00f3 de l\u2019import ser\u00e0 del <strong data-start=\"1551\" data-end=\"1558\">75%<\/strong> de l\u2019import pagat per la inscripci\u00f3. A partir d\u2019aquest moment ja no hi haur\u00e0 devolucions econ\u00f2miques.<\/p>\n<p data-start=\"1664\" data-end=\"2611\">En cas que la prova hagi de suspendre\u2019s, cancel\u00b7lar-se o no pugui celebrar-se a causa de factors externs inherents a l\u2019organitzaci\u00f3, com per exemple alerta taronja o vermella per motius meteorol\u00f2gics, motius sanitaris, pand\u00e8mies, denegacions d\u2019autoritzacions, o que els serveis d\u2019emerg\u00e8ncia no puguin cobrir la prova per altres emerg\u00e8ncies greus, com un incendi, un ensorrament, o que el tra\u00e7at del GR-221 no pugui utilitzar-se a causa d\u2019un incendi forestal, \u00e9s a dir, intransitable per caiguda d\u2019arbres, rierols o motius meteorol\u00f2gics o qualsevol altra incid\u00e8ncia de la qual l\u2019organitzaci\u00f3 no sigui directament responsable, l\u2019organitzaci\u00f3 es reserva el dret de poder modificar recorreguts, anul\u00b7lar trams, o simplement cancel\u00b7lar la prova, <strong data-start=\"2405\" data-end=\"2477\">sense dret a cap indemnitzaci\u00f3 o devoluci\u00f3 dels imports d\u2019inscripci\u00f3<\/strong>. No obstant aix\u00f2, l\u2019organitzaci\u00f3 intentar\u00e0 oferir les millors alternatives en casos extrems i molt poc probables com els esmentats.<\/p>\n<p>[\/vc_column_text][\/vc_tta_section][vc_tta_section title=&#8221;On i quan puc agafar l\u2019autob\u00fas que em porta a la sortida de la meva dist\u00e0ncia?&#8221; tab_id=&#8221;1760344276067-3f49a7fc-068f&#8221;][vc_column_text css=&#8221;&#8221;]<span style=\"font-weight: 400;\">Consulta l\u2019apartat de la teva dist\u00e0ncia escollida i podr\u00e0s veure tots els horaris i ubicaci\u00f3.<\/span>[\/vc_column_text][\/vc_tta_section][vc_tta_section title=&#8221;Des d\u2019on puc seguir un corredor durant la cursa?&#8221; tab_id=&#8221;1760344424647-adfdd498-b929&#8243;][vc_column_text css=&#8221;&#8221;]<span style=\"font-weight: 400;\">La prova es podr\u00e0 seguir des de la nostra <strong data-start=\"2902\" data-end=\"2921\">APP d\u2019Elitechip<\/strong> i la <strong data-start=\"2927\" data-end=\"2967\">p\u00e0gina web oficial de l\u2019esdeveniment<\/strong>.<\/span>[\/vc_column_text][\/vc_tta_section][vc_tta_section title=&#8221;Es permet assist\u00e8ncia externa als punts d\u2019avituallament?&#8221; tab_id=&#8221;1723033841612-a1e26fd0-718a&#8221;][vc_column_text css=&#8221;&#8221;]<\/p>\n<p data-start=\"2977\" data-end=\"3297\">En les dist\u00e0ncies de <strong data-start=\"3061\" data-end=\"3073\">TMST-120<\/strong> i <strong data-start=\"3076\" data-end=\"3088\">MTMST-70<\/strong> els atletes podran rebre ajuda externa d\u2019una persona a tots els avituallaments oficials. Aquesta persona haur\u00e0 d\u2019anar identificada amb el dorsal <strong data-start=\"3234\" data-end=\"3249\">\u201cSUPPORTER\u201d<\/strong> que se li lliurar\u00e0 amb el dorsal de la cursa.<\/p>\n<p data-start=\"3299\" data-end=\"3625\">A la <strong data-start=\"3304\" data-end=\"3336\">MTM Marat\u00f3 Traves\u00eda Mallorca<\/strong> i la <strong data-start=\"3342\" data-end=\"3381\">MMTM Mitja Marat\u00f3 Traves\u00eda Mallorca<\/strong> no est\u00e0 permesa cap tipus d\u2019ajuda externa. Tampoc est\u00e0 perm\u00e8s c\u00f3rrer acompanyat de persones alienes a la competici\u00f3 a manera de lliebres, tant a peu com en bicicleta. L\u2019\u00fanica excepci\u00f3 \u00e9s rebre ajuda en cas d\u2019una condici\u00f3 m\u00e8dica d\u2019emerg\u00e8ncia.<\/p>\n<p>[\/vc_column_text][\/vc_tta_section][vc_tta_section title=&#8221;Com funciona el sistema de bosses de vida en les dist\u00e0ncies de 120 km i 70 km?&#8221; tab_id=&#8221;1723033693497-02f9c115-ae52&#8243;][vc_column_text css=&#8221;&#8221;]<\/p>\n<ul>\n<li data-start=\"3719\" data-end=\"3981\">Els corredors de la <strong data-start=\"3739\" data-end=\"3784\">Traves\u00eda Mallorca Serra de Tramuntana 120<\/strong> podran lliurar a la sortida la <strong data-start=\"3816\" data-end=\"3835\">\u201cbossa de vida\u201d<\/strong>, que trobaran a l\u2019avituallament de S\u00f3ller (km 47 aprox) i finalment a l\u2019avituallament d\u2019Esporles (km 86 aprox). Despr\u00e9s es retornar\u00e0 a la meta.<\/li>\n<li data-start=\"3982\" data-end=\"4197\">\n<p data-start=\"3984\" data-end=\"4197\">Els corredors de la <strong data-start=\"4004\" data-end=\"4054\">Mitja Traves\u00eda Mallorca Serra de Tramuntana 70<\/strong> podran lliurar a la sortida la <strong data-start=\"4086\" data-end=\"4105\">\u201cbossa de vida\u201d<\/strong>, que trobaran a l\u2019avituallament d\u2019Esporles (km 36 aprox). Despr\u00e9s es retornar\u00e0 a la meta.<\/p>\n<\/li>\n<\/ul>\n<p>[\/vc_column_text][\/vc_tta_section][vc_tta_section title=&#8221;Quin \u00e9s l\u2019asseguran\u00e7a federativa que em cobreix durant la cursa?&#8221; tab_id=&#8221;1723033694721-027da8b7-e5e8&#8243;][vc_column_text css=&#8221;&#8221;]<\/p>\n<p data-start=\"4204\" data-end=\"4460\">Si el participant no est\u00e0 federat per la <strong data-start=\"4316\" data-end=\"4352\">FEDERACI\u00d3 DE MUNTANYA I ESCALADA<\/strong>, haur\u00e0 de contractar una asseguran\u00e7a m\u00e8dica obligat\u00f2ria per un dia de <strong data-start=\"4423\" data-end=\"4434\">8 euros<\/strong> per a totes les curses.<\/p>\n<p data-start=\"4462\" data-end=\"4646\"><strong data-start=\"4462\" data-end=\"4535\">NO S\u00d3N V\u00c0LIDES LES LLIC\u00c8NCIES FEDERATIVES DE LA FEDERACI\u00d3 D\u2019ATLETISME<\/strong> segons l\u2019article 5.3 del decret 33\/2004 pel qual es regulen les federacions esportives de les Illes Balears.<\/p>\n<p>[\/vc_column_text][\/vc_tta_section][vc_tta_section title=&#8221;Pot recollir el meu dorsal una altra persona?&#8221; tab_id=&#8221;1723033695711-396649b3-c339&#8243;][vc_column_text css=&#8221;&#8221;]<\/p>\n<p data-start=\"4653\" data-end=\"4837\">En cas de no poder recollir el dorsal dins dels horaris establerts i sempre per causes justificades, hi ha dues maneres de fer-ho:<\/p>\n<ol data-start=\"4839\" data-end=\"5647\">\n<li data-start=\"4839\" data-end=\"5647\">\n<p data-start=\"4842\" data-end=\"4927\">Enviar una persona acreditada en representaci\u00f3. Aquesta persona haur\u00e0 de presentar:<\/p>\n<ul data-start=\"4931\" data-end=\"5647\">\n<li data-start=\"4931\" data-end=\"5128\">\n<p data-start=\"4933\" data-end=\"5128\">Sol\u00b7licitud per correu a <strong data-start=\"4958\" data-end=\"4979\"><a class=\"decorated-link cursor-pointer\" rel=\"noopener\" data-start=\"4960\" data-end=\"4977\">web@elitechip.net<\/a><\/strong> autoritzant la recollida per persona autoritzada. <em data-start=\"5030\" data-end=\"5126\">(el termini m\u00e0xim per sol\u00b7licitar aquesta opci\u00f3 finalitzar\u00e0 l\u20191 d\u2019abril de 2025 a les 23:59 h)<\/em><\/p>\n<\/li>\n<li data-start=\"5132\" data-end=\"5210\">\n<p data-start=\"5134\" data-end=\"5210\">Fotoc\u00f2pia digital del <strong data-start=\"5156\" data-end=\"5163\">DNI<\/strong> original del corredor propietari del dorsal.<\/p>\n<\/li>\n<li data-start=\"5214\" data-end=\"5339\">\n<p data-start=\"5216\" data-end=\"5339\">Justificant d\u2019inscripci\u00f3 que nom\u00e9s pot descarregar el participant propietari del dorsal mitjan\u00e7ant l\u2019<strong data-start=\"5317\" data-end=\"5336\">APP d\u2019Elitechip<\/strong>.<\/p>\n<\/li>\n<li data-start=\"5343\" data-end=\"5647\">\n<p data-start=\"5345\" data-end=\"5647\">En el cas de recollir dorsals de corredors federats per la <strong data-start=\"5404\" data-end=\"5446\">FEDERACI\u00d3 DE MUNTANYA I ESCALADA FEDME<\/strong>, s\u2019haur\u00e0 de presentar una fotoc\u00f2pia o foto de la llic\u00e8ncia. Si no es presenta la llic\u00e8ncia acreditativa corresponent, caldr\u00e0 pagar l\u2019asseguran\u00e7a de competici\u00f3 (8 euros per 120KM, 70KM, 45KM o 22KM).<\/p>\n<\/li>\n<\/ul>\n<\/li>\n<\/ol>\n<p>[\/vc_column_text][\/vc_tta_section][vc_tta_section title=&#8221;REGLAMENT&#8221; tab_id=&#8221;1726616127825-ee2ad45c-6330&#8243;][vc_column_text css=&#8221;&#8221;]Des d\u2019aqu\u00ed pots veure el reglament.[\/vc_column_text]<div class=\" ubtn-ctn-left set-korataki\"><a class=\"ubtn-link ult-adjust-bottom-margin ubtn-left ubtn-custom set-korataki\" href=\"https:\/\/travessamallorca.com\/ca\/reglamento\/\" title=\"Reglamento\" ><button type=\"button\" id=\"ubtn-5510\"  class=\"ubtn ult-adjust-bottom-margin ult-responsive ubtn-custom ubtn-no-hover-bg  none  ubtn-left   tooltip-6a0729d73a5dd\"  data-hover=\"\" data-border-color=\"\" data-bg=\"#27584F\" data-hover-bg=\"#27584FC4\" data-border-hover=\"\" data-shadow-hover=\"\" data-shadow-click=\"none\" data-shadow=\"\" data-shd-shadow=\"\"  data-ultimate-target='#ubtn-5510'  data-responsive-json-new='{\"font-size\":\"desktop:14px;\",\"line-height\":\"\"}'  style=\"font-family:&#039;Barlow Condensed&#039;;font-style:italic;font-weight:normal;width:223px;min-height:48px;padding:px px;border-radius:29px;border-width:0px;border-color:;border-style:solid;background: #27584F;color: #ffffff;\"><span class=\"ubtn-hover\" style=\"background-color:#27584FC4\"><\/span><span class=\"ubtn-data ubtn-text \" >REGLAMENT<\/span><\/button><\/a><\/div>[\/vc_tta_section][\/vc_tta_accordion][\/vc_column][\/vc_row]<\/p>\n<\/div>","protected":false},"excerpt":{"rendered":"<p>[vc_row][vc_column][\/vc_column][\/vc_row][vc_row el_class=&#8221;max-width-1250&#8243;][vc_column][vc_tta_accordion title_tag=&#8221;p&#8221; section_title_tag=&#8221;h2&#8243; shape=&#8221;square&#8221; color=&#8221;white&#8221; c_position=&#8221;right&#8221; active_section=&#8221;100&#8243; collapsible_all=&#8221;true&#8221; el_class=&#8221;faqs-primary&#8221;][vc_tta_section title=&#8221;Com es cronometra la cursa en la modalitat RELAY (per equips)?&#8221; tab_id=&#8221;1723033615966-8e010c43-feca&#8221;][vc_column_text css=&#8221;&#8221;] Cada participant rebr\u00e0 un chip blanc (o bib tag al dorsal).Cada equip rebr\u00e0 una cinta de velcro amb un sistema de cronometratge integrat que es passar\u00e0 durant cada relleu. EXEMPLE: El corredor&hellip;<\/p>\n","protected":false},"author":1,"featured_media":0,"parent":0,"menu_order":0,"comment_status":"closed","ping_status":"closed","template":"","meta":{"footnotes":""},"class_list":["post-6200","page","type-page","status-publish","hentry","description-off"],"_links":{"self":[{"href":"https:\/\/travessamallorca.com\/ca\/wp-json\/wp\/v2\/pages\/6200","targetHints":{"allow":["GET"]}}],"collection":[{"href":"https:\/\/travessamallorca.com\/ca\/wp-json\/wp\/v2\/pages"}],"about":[{"href":"https:\/\/travessamallorca.com\/ca\/wp-json\/wp\/v2\/types\/page"}],"author":[{"embeddable":true,"href":"https:\/\/travessamallorca.com\/ca\/wp-json\/wp\/v2\/users\/1"}],"replies":[{"embeddable":true,"href":"https:\/\/travessamallorca.com\/ca\/wp-json\/wp\/v2\/comments?post=6200"}],"version-history":[{"count":2,"href":"https:\/\/travessamallorca.com\/ca\/wp-json\/wp\/v2\/pages\/6200\/revisions"}],"predecessor-version":[{"id":6202,"href":"https:\/\/travessamallorca.com\/ca\/wp-json\/wp\/v2\/pages\/6200\/revisions\/6202"}],"wp:attachment":[{"href":"https:\/\/travessamallorca.com\/ca\/wp-json\/wp\/v2\/media?parent=6200"}],"curies":[{"name":"wp","href":"https:\/\/api.w.org\/{rel}","templated":true}]}}